{"id":235,"date":"2023-05-22T12:35:16","date_gmt":"2023-05-22T16:35:16","guid":{"rendered":"https:\/\/www.distribuidoravictoria.cl\/?page_id=235"},"modified":"2023-05-30T19:11:11","modified_gmt":"2023-05-30T23:11:11","slug":"mantencion-y-transporte","status":"publish","type":"page","link":"https:\/\/www.distribuidoravictoria.cl\/?page_id=235","title":{"rendered":"Mantenci\u00f3n y Transporte"},"content":{"rendered":"<p style=\"text-align: left;\">Distribuidora Victoria Limitada cuenta con una amplia gama de soluciones para el sector de mantenci\u00f3n y trasporte, como <strong><em>Metal\u00fargicas, Talleres mec\u00e1nicos, Rectificadoras, Empresas de transporte de personas y de carga, entre otras. <\/em><\/strong>Contamos con la asesor\u00eda y capacitaci\u00f3n para el uso adecuado de los productos, en lo que respecta a las medidas de seguridad, como tambi\u00e9n a la correcta dosificaci\u00f3n y aprovechamiento de cada recurso, de tal manera que estas sean eficientes y que provoquen el menos da\u00f1o posible al medio ambiente y a las personas que las manipulan, en las siguientes aplicaciones:<\/p>\n<ul>\n<li style=\"text-align: left;\">Tratamiento de metales<\/li>\n<li style=\"text-align: left;\">Mantenci\u00f3n y limpieza de veh\u00edculos<\/li>\n<li style=\"text-align: left;\">Limpieza personal<\/li>\n<\/ul>\n<p style=\"text-align: left;\"><strong>Beneficios que aportan nuestras soluciones Eco- Inteligentes:<\/strong><\/p>\n<ul>\n<li style=\"text-align: left;\">Calidad y buen servicio<\/li>\n<li style=\"text-align: left;\">Respetuosos con el medio ambiente<\/li>\n<li style=\"text-align: left;\">Control de costos de aplicaci\u00f3n<\/li>\n<li style=\"text-align: left;\">Minimizaci\u00f3n de riesgos en las personas<\/li>\n<li style=\"text-align: left;\">M\u00e1s c\u00f3modo y f\u00e1cil de aplicar<\/li>\n<\/ul>\n<p style=\"text-align: left;\"><strong>Ventajas medioambientales:<\/strong><\/p>\n<ul>\n<li style=\"text-align: left;\">Menos emisiones de CO2<\/li>\n<li style=\"text-align: left;\">Menos recursos en transporte<\/li>\n<li style=\"text-align: left;\">Menos envases pl\u00e1sticos<\/li>\n<\/ul>\n\n\t\t<style type=\"text\/css\">\n\t\t\t#gallery-1 {\n\t\t\t\tmargin: auto;\n\t\t\t}\n\t\t\t#gallery-1 .gallery-item {\n\t\t\t\tfloat: left;\n\t\t\t\tmargin-top: 10px;\n\t\t\t\ttext-align: center;\n\t\t\t\twidth: 33%;\n\t\t\t}\n\t\t\t#gallery-1 img {\n\t\t\t\tborder: 2px solid #cfcfcf;\n\t\t\t}\n\t\t\t#gallery-1 .gallery-caption {\n\t\t\t\tmargin-left: 0;\n\t\t\t}\n\t\t\t\/* see gallery_shortcode() in wp-includes\/media.php *\/\n\t\t<\/style>\n\t\t<div id='gallery-1' class='gallery galleryid-235 gallery-columns-3 gallery-size-medium'><dl class='gallery-item'>\n\t\t\t<dt class='gallery-icon landscape'>\n\t\t\t\t<img loading=\"lazy\" decoding=\"async\" width=\"300\" height=\"300\" src=\"https:\/\/www.distribuidoravictoria.cl\/wp-content\/uploads\/2023\/05\/mantencion-1-1-300x300.jpg\" class=\"attachment-medium size-medium\" alt=\"\" srcset=\"https:\/\/www.distribuidoravictoria.cl\/wp-content\/uploads\/2023\/05\/mantencion-1-1-300x300.jpg 300w, https:\/\/www.distribuidoravictoria.cl\/wp-content\/uploads\/2023\/05\/mantencion-1-1-150x150.jpg 150w, https:\/\/www.distribuidoravictoria.cl\/wp-content\/uploads\/2023\/05\/mantencion-1-1.jpg 540w\" sizes=\"auto, (max-width: 300px) 100vw, 300px\" \/>\n\t\t\t<\/dt><\/dl><dl class='gallery-item'>\n\t\t\t<dt class='gallery-icon landscape'>\n\t\t\t\t<img loading=\"lazy\" decoding=\"async\" width=\"300\" height=\"300\" src=\"https:\/\/www.distribuidoravictoria.cl\/wp-content\/uploads\/2023\/05\/mantencion-2-1-300x300.jpg\" class=\"attachment-medium size-medium\" alt=\"\" srcset=\"https:\/\/www.distribuidoravictoria.cl\/wp-content\/uploads\/2023\/05\/mantencion-2-1-300x300.jpg 300w, https:\/\/www.distribuidoravictoria.cl\/wp-content\/uploads\/2023\/05\/mantencion-2-1-150x150.jpg 150w, https:\/\/www.distribuidoravictoria.cl\/wp-content\/uploads\/2023\/05\/mantencion-2-1.jpg 540w\" sizes=\"auto, (max-width: 300px) 100vw, 300px\" \/>\n\t\t\t<\/dt><\/dl><dl class='gallery-item'>\n\t\t\t<dt class='gallery-icon landscape'>\n\t\t\t\t<img loading=\"lazy\" decoding=\"async\" width=\"300\" height=\"300\" src=\"https:\/\/www.distribuidoravictoria.cl\/wp-content\/uploads\/2023\/05\/mantencion-3-1-300x300.jpg\" class=\"attachment-medium size-medium\" alt=\"\" srcset=\"https:\/\/www.distribuidoravictoria.cl\/wp-content\/uploads\/2023\/05\/mantencion-3-1-300x300.jpg 300w, https:\/\/www.distribuidoravictoria.cl\/wp-content\/uploads\/2023\/05\/mantencion-3-1-150x150.jpg 150w, https:\/\/www.distribuidoravictoria.cl\/wp-content\/uploads\/2023\/05\/mantencion-3-1.jpg 540w\" sizes=\"auto, (max-width: 300px) 100vw, 300px\" \/>\n\t\t\t<\/dt><\/dl><br style=\"clear: both\" \/><dl class='gallery-item'>\n\t\t\t<dt class='gallery-icon landscape'>\n\t\t\t\t<img loading=\"lazy\" decoding=\"async\" width=\"300\" height=\"300\" src=\"https:\/\/www.distribuidoravictoria.cl\/wp-content\/uploads\/2023\/05\/mantencion-4-1-300x300.jpg\" class=\"attachment-medium size-medium\" alt=\"\" srcset=\"https:\/\/www.distribuidoravictoria.cl\/wp-content\/uploads\/2023\/05\/mantencion-4-1-300x300.jpg 300w, https:\/\/www.distribuidoravictoria.cl\/wp-content\/uploads\/2023\/05\/mantencion-4-1-150x150.jpg 150w, https:\/\/www.distribuidoravictoria.cl\/wp-content\/uploads\/2023\/05\/mantencion-4-1.jpg 540w\" sizes=\"auto, (max-width: 300px) 100vw, 300px\" \/>\n\t\t\t<\/dt><\/dl><dl class='gallery-item'>\n\t\t\t<dt class='gallery-icon landscape'>\n\t\t\t\t<img loading=\"lazy\" decoding=\"async\" width=\"300\" height=\"300\" src=\"https:\/\/www.distribuidoravictoria.cl\/wp-content\/uploads\/2023\/05\/mantencion-5-1-300x300.jpg\" class=\"attachment-medium size-medium\" alt=\"\" srcset=\"https:\/\/www.distribuidoravictoria.cl\/wp-content\/uploads\/2023\/05\/mantencion-5-1-300x300.jpg 300w, https:\/\/www.distribuidoravictoria.cl\/wp-content\/uploads\/2023\/05\/mantencion-5-1-150x150.jpg 150w, https:\/\/www.distribuidoravictoria.cl\/wp-content\/uploads\/2023\/05\/mantencion-5-1.jpg 540w\" sizes=\"auto, (max-width: 300px) 100vw, 300px\" \/>\n\t\t\t<\/dt><\/dl><dl class='gallery-item'>\n\t\t\t<dt class='gallery-icon landscape'>\n\t\t\t\t<img loading=\"lazy\" decoding=\"async\" width=\"300\" height=\"300\" src=\"https:\/\/www.distribuidoravictoria.cl\/wp-content\/uploads\/2023\/05\/mantencion-6-1-300x300.jpg\" class=\"attachment-medium size-medium\" alt=\"\" srcset=\"https:\/\/www.distribuidoravictoria.cl\/wp-content\/uploads\/2023\/05\/mantencion-6-1-300x300.jpg 300w, https:\/\/www.distribuidoravictoria.cl\/wp-content\/uploads\/2023\/05\/mantencion-6-1-150x150.jpg 150w, https:\/\/www.distribuidoravictoria.cl\/wp-content\/uploads\/2023\/05\/mantencion-6-1.jpg 540w\" sizes=\"auto, (max-width: 300px) 100vw, 300px\" \/>\n\t\t\t<\/dt><\/dl><br style=\"clear: both\" \/>\n\t\t<\/div>\n\n","protected":false},"excerpt":{"rendered":"<p>Distribuidora Victoria Limitada cuenta con una amplia gama de soluciones para el sector de mantenci\u00f3n y trasporte, como Metal\u00fargicas, Talleres mec\u00e1nicos, Rectificadoras, Empresas de transporte de personas y de carga, entre otras. Contamos con la asesor\u00eda y capacitaci\u00f3n para el uso adecuado de los productos, en lo que respecta a las medidas de seguridad, como&hellip; <br \/> <a class=\"read-more\" href=\"https:\/\/www.distribuidoravictoria.cl\/?page_id=235\">Read more<\/a><\/p>\n","protected":false},"author":1,"featured_media":0,"parent":0,"menu_order":0,"comment_status":"closed","ping_status":"closed","template":"","meta":{"footnotes":""},"class_list":["post-235","page","type-page","status-publish","hentry"],"_links":{"self":[{"href":"https:\/\/www.distribuidoravictoria.cl\/index.php?rest_route=\/wp\/v2\/pages\/235","targetHints":{"allow":["GET"]}}],"collection":[{"href":"https:\/\/www.distribuidoravictoria.cl\/index.php?rest_route=\/wp\/v2\/pages"}],"about":[{"href":"https:\/\/www.distribuidoravictoria.cl\/index.php?rest_route=\/wp\/v2\/types\/page"}],"author":[{"embeddable":true,"href":"https:\/\/www.distribuidoravictoria.cl\/index.php?rest_route=\/wp\/v2\/users\/1"}],"replies":[{"embeddable":true,"href":"https:\/\/www.distribuidoravictoria.cl\/index.php?rest_route=%2Fwp%2Fv2%2Fcomments&post=235"}],"version-history":[{"count":4,"href":"https:\/\/www.distribuidoravictoria.cl\/index.php?rest_route=\/wp\/v2\/pages\/235\/revisions"}],"predecessor-version":[{"id":415,"href":"https:\/\/www.distribuidoravictoria.cl\/index.php?rest_route=\/wp\/v2\/pages\/235\/revisions\/415"}],"wp:attachment":[{"href":"https:\/\/www.distribuidoravictoria.cl\/index.php?rest_route=%2Fwp%2Fv2%2Fmedia&parent=235"}],"curies":[{"name":"wp","href":"https:\/\/api.w.org\/{rel}","templated":true}]}}